{"id":386129,"date":"2025-05-14T12:46:22","date_gmt":"2025-05-14T10:46:22","guid":{"rendered":"https:\/\/www.fiarebancaetica.coop\/?page_id=386129"},"modified":"2025-05-14T13:30:17","modified_gmt":"2025-05-14T11:30:17","slug":"386129-2","status":"publish","type":"page","link":"https:\/\/www.fiarebancaetica.coop\/gl\/386129-2\/","title":{"rendered":""},"content":{"rendered":"\n<div class=\"wrapper-crispybacon-class wrapper-crispybacon-class-wide \">\n    \n\n    <div class=\"banner-with-your-money-block42__header\">\n                    <h1 class=\"primary-title mt-0\">J\u00f3venesxFiare<\/h1>\n                \n                    \n            <\/div>\n<section class=\"banner-with-your-money-block42 \">\n    <div class=\"banner-with-your-money-block42__orange\" style=\"background-color: #003087\">\n        <div class=\"banner-with-your-money-block42__container\">\n            <div class=\"banner-with-your-money-block42__image\" style=\"background-image: url(https:\/\/www.fiarebancaetica.coop\/app\/uploads\/sites\/2\/2025\/03\/IMG-20231028-WA0003-1024x768.jpg);\"><\/div>\n            <div class=\"banner-with-your-money-block42__content\">\n                \n                                                    <div class=\"banner-with-your-money-block42__text\" style=\"color: #FFFFFF\"><p align=\"justify\"><span style=\"font-size: large\"><span lang=\"gl-ES\">Para xerar un cambio na sociedade, c\u00f3mpre verse representado nela e ter voz nas decisi\u00f3ns que se toman, sendo part\u00edcipe do proceso. Esta foi a aposta de Fiare Banca Etica. As\u00ed naceu J\u00f3venes por Fiare.<\/span><\/span><\/p>\n<\/div>\n                \n                \n                            <\/div>\n        <\/div>\n    <\/div>\n\n    <\/section>\n\n<\/div>\n\n\n<div class=\"wrapper-crispybacon-class wrapper-crispybacon-class-medium \">\n    \n\n<p>No ano 2019 nace o grupo J\u00f3venes por Fiare, un movemento que respond\u00eda \u00e1 necesidade de darlle unha dimensi\u00f3n social nova ao proxecto de Fiare Banca Etica e garantir a s\u00faa continuidade futura.<\/p>\n\n\n\n<div style=\"height:27px\" aria-hidden=\"true\" class=\"wp-block-spacer\"><\/div>\n\n\n\n<p>J\u00f3venes por Fiare \u00e9 un grupo de persoas mozas, procedentes de todo o territorio, que queren darlles visibilidade \u00e1s finanzas \u00e9ticas e a modelos bancarios alternativos como Fiare Banca Etica. Entre 2019 e 2025 acada os 64 membros.<\/p>\n\n\n\n<div style=\"height:28px\" aria-hidden=\"true\" class=\"wp-block-spacer\"><\/div>\n\n\n\n<p>Mediante as actividades que realizan conseguen dar difusi\u00f3n \u00e1 econom\u00eda social e solidaria, as\u00ed como ao mundo das finanzas \u00e9ticas. Para iso organizan viaxes e visitas a proxectos financiados, xeran momentos de formaci\u00f3n, dan charlas en universidades, participan en mesas redondas, realizan xuntanzas e encontros, entre moitas outras cousas.<\/p>\n\n\n\n<div class=\"wp-block-media-text is-stacked-on-mobile\"><figure class=\"wp-block-media-text__media\"><img loading=\"lazy\" decoding=\"async\" width=\"968\" height=\"525\" src=\"https:\/\/www.fiarebancaetica.coop\/app\/uploads\/sites\/2\/2025\/03\/JXfiare.png\" alt=\"\" class=\"wp-image-384072 size-full\" srcset=\"https:\/\/www.fiarebancaetica.coop\/app\/uploads\/sites\/2\/2025\/03\/JXfiare.png 968w, https:\/\/www.fiarebancaetica.coop\/app\/uploads\/sites\/2\/2025\/03\/JXfiare-300x163.png 300w, https:\/\/www.fiarebancaetica.coop\/app\/uploads\/sites\/2\/2025\/03\/JXfiare-768x417.png 768w\" sizes=\"auto, (max-width: 968px) 100vw, 968px\" \/><\/figure><div class=\"wp-block-media-text__content\">\n<p>JxFiare pretende unir as forzas dunha nova xeraci\u00f3n para impulsar proxectos que xeren conciencia sobre a mensaxe universal e transversal que as finanzas \u00e9ticas levan dentro de si.<\/p>\n\n\n\n<div style=\"height:23px\" aria-hidden=\"true\" class=\"wp-block-spacer\"><\/div>\n\n\n\n<p>En colaboraci\u00f3n con Fiare Banca Etica, pretende chegar \u00e1 mocidade para demostrarlle como un comportamento econ\u00f3mico responsable xera cambios positivos na comunidade.<\/p>\n<\/div><\/div>\n\n\n\n<p>Sabes que os teus aforros no banco poden ter un impacto positivo na sociedade e o medio ambiente segundo o banco no que os deposites? Sabes que hai entidades financeiras que se negan a financiar empresas que xeran un impacto social e ambiental negativo?<\/p>\n\n\n\n<div style=\"height:24px\" aria-hidden=\"true\" class=\"wp-block-spacer\"><\/div>\n\n\n\n<p>Descubre connosco isto e moito m\u00e1is.<\/p>\n\n\n<\/div>\n\n\n\n<div class=\"crispybacon-block-65\">\n    <div class=\"desc-col\">\n                    <h1>A que esperas?<\/h1>\n            <div><p><span style=\"color: #262626;\"><span style=\"font-size: medium;\"><span lang=\"gl-ES\">Contacta con <a href=\"mailto:anogueira@fiarebancaetica.coop\">anogueira@fiarebancaetica.coop<\/a> para co\u00f1ecernos mellor e \u00fanete ao movemento. <\/span><\/span><\/span><\/p>\n<p><span style=\"color: #262626;\"><span style=\"font-size: medium;\"><span lang=\"gl-ES\">O cambio comeza contigo! <\/span><\/span><\/span><\/p>\n<\/div>\n            <\/div>\n        <div class=\"img-col\">\n        <img decoding=\"async\" src=\"https:\/\/www.fiarebancaetica.coop\/app\/uploads\/sites\/2\/2025\/03\/JxFiare-Granada-23-6-scaled.jpg\" alt=\"A que esperas?\">\n    <\/div>\n    <\/div>\n\n\n\n<div style=\"height:100px\" aria-hidden=\"true\" class=\"wp-block-spacer\"><\/div>\n","protected":false},"excerpt":{"rendered":"","protected":false},"author":1774,"featured_media":0,"parent":0,"menu_order":0,"comment_status":"closed","ping_status":"closed","template":"","meta":{"_acf_changed":false,"footnotes":""},"coauthors":[5579],"class_list":["post-386129","page","type-page","status-publish","hentry"],"acf":[],"yoast_head":"<!-- This site is optimized with the Yoast SEO plugin v26.9 - https:\/\/yoast.com\/product\/yoast-seo-wordpress\/ -->\n<title>- Fiare Banca Etica<\/title>\n<meta name=\"robots\" content=\"index, follow, max-snippet:-1, max-image-preview:large, max-video-preview:-1\" \/>\n<link rel=\"canonical\" href=\"https:\/\/www.fiarebancaetica.coop\/gl\/386129-2\/\" \/>\n<meta property=\"og:locale\" content=\"gl_ES\" \/>\n<meta property=\"og:type\" content=\"article\" \/>\n<meta property=\"og:title\" content=\"- Fiare Banca Etica\" \/>\n<meta property=\"og:url\" content=\"https:\/\/www.fiarebancaetica.coop\/gl\/386129-2\/\" \/>\n<meta property=\"og:site_name\" content=\"Fiare Banca Etica\" \/>\n<meta property=\"article:modified_time\" content=\"2025-05-14T11:30:17+00:00\" \/>\n<meta property=\"og:image\" content=\"https:\/\/www.fiarebancaetica.coop\/app\/uploads\/sites\/2\/2025\/03\/JXfiare.png\" \/>\n<meta name=\"twitter:card\" content=\"summary_large_image\" \/>\n<script type=\"application\/ld+json\" class=\"yoast-schema-graph\">{\"@context\":\"https:\/\/schema.org\",\"@graph\":[{\"@type\":\"WebPage\",\"@id\":\"https:\/\/www.fiarebancaetica.coop\/gl\/386129-2\/\",\"url\":\"https:\/\/www.fiarebancaetica.coop\/gl\/386129-2\/\",\"name\":\"- Fiare Banca Etica\",\"isPartOf\":{\"@id\":\"https:\/\/www.fiarebancaetica.coop\/gl\/#website\"},\"primaryImageOfPage\":{\"@id\":\"https:\/\/www.fiarebancaetica.coop\/gl\/386129-2\/#primaryimage\"},\"image\":{\"@id\":\"https:\/\/www.fiarebancaetica.coop\/gl\/386129-2\/#primaryimage\"},\"thumbnailUrl\":\"https:\/\/www.fiarebancaetica.coop\/app\/uploads\/sites\/2\/2025\/03\/JXfiare.png\",\"datePublished\":\"2025-05-14T10:46:22+00:00\",\"dateModified\":\"2025-05-14T11:30:17+00:00\",\"inLanguage\":\"gl-ES\",\"potentialAction\":[{\"@type\":\"ReadAction\",\"target\":[\"https:\/\/www.fiarebancaetica.coop\/gl\/386129-2\/\"]}]},{\"@type\":\"ImageObject\",\"inLanguage\":\"gl-ES\",\"@id\":\"https:\/\/www.fiarebancaetica.coop\/gl\/386129-2\/#primaryimage\",\"url\":\"https:\/\/www.fiarebancaetica.coop\/app\/uploads\/sites\/2\/2025\/03\/JXfiare.png\",\"contentUrl\":\"https:\/\/www.fiarebancaetica.coop\/app\/uploads\/sites\/2\/2025\/03\/JXfiare.png\"},{\"@type\":\"WebSite\",\"@id\":\"https:\/\/www.fiarebancaetica.coop\/gl\/#website\",\"url\":\"https:\/\/www.fiarebancaetica.coop\/gl\/\",\"name\":\"Fiare Banca Etica\",\"description\":\"\",\"potentialAction\":[{\"@type\":\"SearchAction\",\"target\":{\"@type\":\"EntryPoint\",\"urlTemplate\":\"https:\/\/www.fiarebancaetica.coop\/gl\/?s={search_term_string}\"},\"query-input\":{\"@type\":\"PropertyValueSpecification\",\"valueRequired\":true,\"valueName\":\"search_term_string\"}}],\"inLanguage\":\"gl-ES\"}]}<\/script>\n<!-- \/ Yoast SEO plugin. -->","yoast_head_json":{"title":"- Fiare Banca Etica","robots":{"index":"index","follow":"follow","max-snippet":"max-snippet:-1","max-image-preview":"max-image-preview:large","max-video-preview":"max-video-preview:-1"},"canonical":"https:\/\/www.fiarebancaetica.coop\/gl\/386129-2\/","og_locale":"gl_ES","og_type":"article","og_title":"- Fiare Banca Etica","og_url":"https:\/\/www.fiarebancaetica.coop\/gl\/386129-2\/","og_site_name":"Fiare Banca Etica","article_modified_time":"2025-05-14T11:30:17+00:00","og_image":[{"url":"https:\/\/www.fiarebancaetica.coop\/app\/uploads\/sites\/2\/2025\/03\/JXfiare.png","type":"","width":"","height":""}],"twitter_card":"summary_large_image","schema":{"@context":"https:\/\/schema.org","@graph":[{"@type":"WebPage","@id":"https:\/\/www.fiarebancaetica.coop\/gl\/386129-2\/","url":"https:\/\/www.fiarebancaetica.coop\/gl\/386129-2\/","name":"- Fiare Banca Etica","isPartOf":{"@id":"https:\/\/www.fiarebancaetica.coop\/gl\/#website"},"primaryImageOfPage":{"@id":"https:\/\/www.fiarebancaetica.coop\/gl\/386129-2\/#primaryimage"},"image":{"@id":"https:\/\/www.fiarebancaetica.coop\/gl\/386129-2\/#primaryimage"},"thumbnailUrl":"https:\/\/www.fiarebancaetica.coop\/app\/uploads\/sites\/2\/2025\/03\/JXfiare.png","datePublished":"2025-05-14T10:46:22+00:00","dateModified":"2025-05-14T11:30:17+00:00","inLanguage":"gl-ES","potentialAction":[{"@type":"ReadAction","target":["https:\/\/www.fiarebancaetica.coop\/gl\/386129-2\/"]}]},{"@type":"ImageObject","inLanguage":"gl-ES","@id":"https:\/\/www.fiarebancaetica.coop\/gl\/386129-2\/#primaryimage","url":"https:\/\/www.fiarebancaetica.coop\/app\/uploads\/sites\/2\/2025\/03\/JXfiare.png","contentUrl":"https:\/\/www.fiarebancaetica.coop\/app\/uploads\/sites\/2\/2025\/03\/JXfiare.png"},{"@type":"WebSite","@id":"https:\/\/www.fiarebancaetica.coop\/gl\/#website","url":"https:\/\/www.fiarebancaetica.coop\/gl\/","name":"Fiare Banca Etica","description":"","potentialAction":[{"@type":"SearchAction","target":{"@type":"EntryPoint","urlTemplate":"https:\/\/www.fiarebancaetica.coop\/gl\/?s={search_term_string}"},"query-input":{"@type":"PropertyValueSpecification","valueRequired":true,"valueName":"search_term_string"}}],"inLanguage":"gl-ES"}]}},"_links":{"self":[{"href":"https:\/\/www.fiarebancaetica.coop\/gl\/wp-json\/wp\/v2\/pages\/386129","targetHints":{"allow":["GET"]}}],"collection":[{"href":"https:\/\/www.fiarebancaetica.coop\/gl\/wp-json\/wp\/v2\/pages"}],"about":[{"href":"https:\/\/www.fiarebancaetica.coop\/gl\/wp-json\/wp\/v2\/types\/page"}],"author":[{"embeddable":true,"href":"https:\/\/www.fiarebancaetica.coop\/gl\/wp-json\/wp\/v2\/users\/1774"}],"replies":[{"embeddable":true,"href":"https:\/\/www.fiarebancaetica.coop\/gl\/wp-json\/wp\/v2\/comments?post=386129"}],"version-history":[{"count":9,"href":"https:\/\/www.fiarebancaetica.coop\/gl\/wp-json\/wp\/v2\/pages\/386129\/revisions"}],"predecessor-version":[{"id":386154,"href":"https:\/\/www.fiarebancaetica.coop\/gl\/wp-json\/wp\/v2\/pages\/386129\/revisions\/386154"}],"wp:attachment":[{"href":"https:\/\/www.fiarebancaetica.coop\/gl\/wp-json\/wp\/v2\/media?parent=386129"}],"wp:term":[{"taxonomy":"author","embeddable":true,"href":"https:\/\/www.fiarebancaetica.coop\/gl\/wp-json\/wp\/v2\/coauthors?post=386129"}],"curies":[{"name":"wp","href":"https:\/\/api.w.org\/{rel}","templated":true}]}}