{"id":389684,"date":"2025-12-12T13:56:33","date_gmt":"2025-12-12T12:56:33","guid":{"rendered":"https:\/\/www.fiarebancaetica.coop\/?page_id=389684"},"modified":"2025-12-16T15:04:04","modified_gmt":"2025-12-16T14:04:04","slug":"obancoquenoncabenunbanco","status":"publish","type":"page","link":"https:\/\/www.fiarebancaetica.coop\/gl\/obancoquenoncabenunbanco\/","title":{"rendered":"Rompe e celebra"},"content":{"rendered":"<div class=\"wp-block-image\">\n<figure class=\"aligncenter size-large\"><img loading=\"lazy\" decoding=\"async\" width=\"1024\" height=\"153\" src=\"https:\/\/www.fiarebancaetica.coop\/app\/uploads\/sites\/2\/2025\/12\/El-banco-que-no-cabe-en-un-banco-1024x153.jpg\" alt=\"\" class=\"wp-image-389892\" srcset=\"https:\/\/www.fiarebancaetica.coop\/app\/uploads\/sites\/2\/2025\/12\/El-banco-que-no-cabe-en-un-banco-1024x153.jpg 1024w, https:\/\/www.fiarebancaetica.coop\/app\/uploads\/sites\/2\/2025\/12\/El-banco-que-no-cabe-en-un-banco-300x45.jpg 300w, https:\/\/www.fiarebancaetica.coop\/app\/uploads\/sites\/2\/2025\/12\/El-banco-que-no-cabe-en-un-banco-768x115.jpg 768w, https:\/\/www.fiarebancaetica.coop\/app\/uploads\/sites\/2\/2025\/12\/El-banco-que-no-cabe-en-un-banco-1536x230.jpg 1536w, https:\/\/www.fiarebancaetica.coop\/app\/uploads\/sites\/2\/2025\/12\/El-banco-que-no-cabe-en-un-banco.jpg 2000w\" sizes=\"auto, (max-width: 1024px) 100vw, 1024px\" \/><\/figure>\n<\/div>\n\n\n<div class=\"wrapper-crispybacon-class wrapper-crispybacon-class-large \">\n    \n\n    <figure class=\"wp-block-embed is-type-rich is-provider-handler-delloggetto-incorporato wp-block-embed-handler-delloggetto-incorporato wp-embed-aspect-16-9 wp-has-aspect-ratio\">\n        <div class=\"wp-block-embed__wrapper  aligncenter\">\n            <iframe type=\"text\/plain\" class=\"_iub_cs_activate\" width=\"640\" height=\"360\" data-suppressedsrc=\"https:\/\/www.youtube.com\/embed\/GOgEq2fC9EU\" title=\"\" frameborder=\"0\" allow=\"accelerometer; autoplay; clipboard-write; encrypted-media; gyroscope; picture-in-picture\" allowfullscreen data-iub-purposes=\"1\"><\/iframe>\n        <\/div>\n    <\/figure>\n\n\n\n<\/div>\n\n\n<h1 class=\"wp-block-heading has-text-align-center is-style-lyon\" style=\"font-size:74px\"><\/h1>\n\n\n\n<div style=\"height:42px\" aria-hidden=\"true\" class=\"wp-block-spacer\"><\/div>\n\n\n\n<div class=\"wrapper-crispybacon-class wrapper-crispybacon-class-medium \">\n    \n\n<h2 class=\"wp-block-heading has-text-align-center m-0 par-custom-line-height\" style=\"font-size:23px\"><\/h2>\n\n\n\n<h2 class=\"wp-block-heading has-text-align-center m-0 par-custom-line-height\" style=\"font-size:23px\"><strong><strong>En 2025 celebramos o Ano do Cooperativismo.<\/strong><br><strong>Pero para Fiare Banca Etica, cada ano \u00e9o.<\/strong><\/strong><\/h2>\n\n\n\n<p class=\"has-text-align-center\">Porque a nosa actividade non consiste s\u00f3 en xestionar cartos: consiste en transformalo.<br>Convertelo en acci\u00f3n colectiva.<br>En po\u00f1elo ao servizo das persoas, dos proxectos e das comunidades<br>que xa est\u00e1n constru\u00edndo outra econom\u00eda.<\/p>\n\n\n\n<p class=\"has-text-align-center\">Este v\u00eddeo recolle esas voces. Voces reais de persoas socias, clientas e organizaci\u00f3ns financiadas<br>que amosan como o cooperativismo non se explica: v\u00edvese.<\/p>\n\n\n<\/div>\n\n<div class=\"wp-block-image\">\n<figure class=\"aligncenter size-full is-resized\"><img loading=\"lazy\" decoding=\"async\" width=\"1080\" height=\"2108\" src=\"https:\/\/www.fiarebancaetica.coop\/app\/uploads\/sites\/2\/2025\/12\/gal.jpg\" alt=\"\" class=\"wp-image-389887\" style=\"width:697px;height:auto\" srcset=\"https:\/\/www.fiarebancaetica.coop\/app\/uploads\/sites\/2\/2025\/12\/gal.jpg 1080w, https:\/\/www.fiarebancaetica.coop\/app\/uploads\/sites\/2\/2025\/12\/gal-154x300.jpg 154w, https:\/\/www.fiarebancaetica.coop\/app\/uploads\/sites\/2\/2025\/12\/gal-525x1024.jpg 525w, https:\/\/www.fiarebancaetica.coop\/app\/uploads\/sites\/2\/2025\/12\/gal-768x1499.jpg 768w, https:\/\/www.fiarebancaetica.coop\/app\/uploads\/sites\/2\/2025\/12\/gal-787x1536.jpg 787w, https:\/\/www.fiarebancaetica.coop\/app\/uploads\/sites\/2\/2025\/12\/gal-1049x2048.jpg 1049w\" sizes=\"auto, (max-width: 1080px) 100vw, 1080px\" \/><\/figure>\n<\/div>\n\n\n<div class=\"wrapper-crispybacon-class wrapper-crispybacon-class-medium \">\n    \n\n<h2 class=\"wp-block-heading has-text-align-center\"><strong>Fai que o teu di\u00f1eiro financie o cambio!<\/strong><\/h2>\n\n\n<\/div>\n\n\n<div class=\"wp-block-buttons is-layout-flex wp-block-buttons-is-layout-flex\"><\/div>\n\n\n\n<div class=\"wrapper-crispybacon-class wrapper-crispybacon-class-wide \">\n    \n\n<div class=\"wp-block-buttons is-content-justification-center is-layout-flex wp-container-core-buttons-is-layout-16018d1d wp-block-buttons-is-layout-flex\">\n<div class=\"wp-block-button has-custom-width wp-block-button__width-25 is-style-outline is-style-outline--1\"><a class=\"wp-block-button__link has-blue-color has-white-background-color has-text-color has-background has-link-color has-text-align-center wp-element-button\" href=\"https:\/\/www.fiarebancaetica.coop\/productos\/cuentas-corrientes\/\" target=\"_blank\" rel=\"noreferrer noopener\"><strong><strong>CONTAS POR UN MUNDO MELLOR<\/strong><\/strong><\/a><\/div>\n<\/div>\n\n\n<\/div>\n\n\n<div style=\"height:39px\" aria-hidden=\"true\" class=\"wp-block-spacer\"><\/div>\n\n\n\n<div class=\"wrapper-crispybacon-class wrapper-crispybacon-class-wide \">\n    \n\n<div class=\"wp-block-buttons is-content-justification-center is-layout-flex wp-container-core-buttons-is-layout-16018d1d wp-block-buttons-is-layout-flex\">\n<div class=\"wp-block-button is-style-outline is-style-outline--2\"><a class=\"wp-block-button__link has-blue-color has-text-color has-link-color has-text-align-center wp-element-button\" href=\"https:\/\/www.fiarebancaetica.coop\/empresas-y-organizaciones\/depositos\/\" target=\"_blank\" rel=\"noreferrer noopener\"><strong><strong>DEP\u00d3SITOS PARA AFORRAR E CREAR BENESTAR SOCIAL<\/strong><\/strong><\/a><\/div>\n<\/div>\n\n\n<\/div>\n\n\n<div style=\"height:41px\" aria-hidden=\"true\" class=\"wp-block-spacer\"><\/div>\n\n\n\n<div class=\"wrapper-crispybacon-class wrapper-crispybacon-class-wide \">\n    \n\n<div class=\"wp-block-buttons is-content-justification-center is-layout-flex wp-container-core-buttons-is-layout-16018d1d wp-block-buttons-is-layout-flex\">\n<div class=\"wp-block-button is-style-outline is-style-outline--3\"><a class=\"wp-block-button__link has-blue-color has-text-color has-link-color has-text-align-center wp-element-button\" href=\"https:\/\/www.fiarebancaetica.coop\/empresas-y-organizaciones\/financiacion\/\" target=\"_blank\" rel=\"noreferrer noopener\"><strong><strong>FINANCIAMENTO PARA PROXECTOS SOCIAIS<\/strong><\/strong><\/a><\/div>\n<\/div>\n\n\n<\/div>\n\n\n<div style=\"height:31px\" aria-hidden=\"true\" class=\"wp-block-spacer\"><\/div>\n\n\n\n<div class=\"wp-block-buttons is-content-justification-center is-layout-flex wp-container-core-buttons-is-layout-16018d1d wp-block-buttons-is-layout-flex\"><\/div>\n\n\n\n<div style=\"height:57px\" aria-hidden=\"true\" class=\"wp-block-spacer\"><\/div>\n\n\n\n<hr class=\"wp-block-separator has-alpha-channel-opacity\"\/>\n\n\n\n<div style=\"height:42px\" aria-hidden=\"true\" class=\"wp-block-spacer\"><\/div>\n\n\n\n<div class=\"container-newsletter-block\">\n    <div class=\"overlay\"><\/div>\n    <div class=\"content-landing-newsletter\">\n        <form class=\"newsletter-content\">\n            <h3> D\u00e9janos tu contacto <\/h3>\n            <div class=\"text-block\">\n                <p> <p>Te enviaremos un mail para explicarte por qu\u00e9 ser cliente\/a de nuestro banco. S\u00e9 parte de cambio.<\/p>\n <\/p>\n                <p> <a href=\"https:\/\/www.fiarebancaetica.coop\/politica-de-proteccion-de-datos-y-cookies\/\" target=\"_blank\"> Consulta nuestra pol\u00edtica de privacidad <\/p> <\/a>\n            <\/div>\n            <div class=\"field-block\">\n                <input type=\"email\" id=\"user_email\" placeholder=\"Escribe o teu email\">\n                <div class=\"button-submit-wrapper\">\n                    <div class=\"loader la-ball-beat la-dark\">\n                        <div><\/div>\n                        <div><\/div>\n                        <div><\/div>\n                    <\/div>\n                    <button type=\"submit\" disabled class=\"landing-submit-newsletter\" onclick=\"_paq.push(['trackEvent', 'Soldi Sporchi', 'Email Link Click']);\"> Escr\u00edbeme <\/button>\n                <\/div>\n            <\/div>\n        <\/form>\n\n        <div class=\"risultato\">Risultato esito Mailchimp<\/div>\n    <\/div>\n<\/div>\n\n<script>\n    (function($) {\n        \/\/Ajax send email\n        $(document).ready(function() {\n            var form = $('.newsletter-content');\n            var button_wrapper = $('.button-submit-wrapper');\n            var button = $('.landing-submit-newsletter')\n\n            $( \"#user_email\" ).on( \"keyup\", function() {\n                if( $('#user_email').val() !== '' ) {\n                    button.prop('disabled', false)\n                } else {\n                    button.prop('disabled', true)\n                }\n            } );\n\n            form.on('submit', function (e) {\n                e.preventDefault();\n                button_wrapper.addClass('is_loading');\n                var user_email = $('#user_email').val();\n                $.ajax({\n                    method: 'POST',\n                    url: CbwptAjax.ajaxurl,\n                    data: {\n                        action: 'be_landing_add_subscribers',\n                        _security: CbwptAjax.security,\n                        user_email: user_email,\n                        mailchimp_list_id: \"6a37357259\",\n                        integration: \"Mailchimp\",\n                        salesforce_external_key: null                    },\n                    success: function (data) {\n                        button_wrapper.removeClass('is_loading');\n                        $('.risultato').html(data).css('visibility', 'visible').hide().fadeIn();\n                        setTimeout(function() {\n                            $('.risultato').html(data).css('visibility', 'hidden').hide().fadeIn();\n                        }, 2500);\n                        $('#user_email').val(''); \/\/reset user input field\n                    },\n                    error: function () {\n                        alert('Si \u00e8 verificato un errore');\n                        button_wrapper.removeClass('is_loading');\n                        setTimeout(function() {\n                            $('.error').show();\n                        }, 15000);\n                    }\n                })\n            })\n        })\n    })(jQuery);\n\n<\/script>\n","protected":false},"excerpt":{"rendered":"","protected":false},"author":1774,"featured_media":0,"parent":0,"menu_order":0,"comment_status":"closed","ping_status":"closed","template":"","meta":{"_acf_changed":false,"footnotes":""},"coauthors":[5579],"class_list":["post-389684","page","type-page","status-publish","hentry","crispybacon-hidden-page-title"],"acf":[],"yoast_head":"<!-- This site is optimized with the Yoast SEO plugin v26.9 - https:\/\/yoast.com\/product\/yoast-seo-wordpress\/ -->\n<title>Rompe e celebra - Fiare Banca Etica<\/title>\n<meta name=\"robots\" content=\"index, follow, max-snippet:-1, max-image-preview:large, max-video-preview:-1\" \/>\n<link rel=\"canonical\" href=\"https:\/\/www.fiarebancaetica.coop\/gl\/obancoquenoncabenunbanco\/\" \/>\n<meta property=\"og:locale\" content=\"gl_ES\" \/>\n<meta property=\"og:type\" content=\"article\" \/>\n<meta property=\"og:title\" content=\"Rompe e celebra - Fiare Banca Etica\" \/>\n<meta property=\"og:url\" content=\"https:\/\/www.fiarebancaetica.coop\/gl\/obancoquenoncabenunbanco\/\" \/>\n<meta property=\"og:site_name\" content=\"Fiare Banca Etica\" \/>\n<meta property=\"article:modified_time\" content=\"2025-12-16T14:04:04+00:00\" \/>\n<meta property=\"og:image\" content=\"https:\/\/www.fiarebancaetica.coop\/app\/uploads\/sites\/2\/2025\/12\/El-banco-que-no-cabe-en-un-banco-1024x153.jpg\" \/>\n<meta name=\"twitter:card\" content=\"summary_large_image\" \/>\n<script type=\"application\/ld+json\" class=\"yoast-schema-graph\">{\"@context\":\"https:\/\/schema.org\",\"@graph\":[{\"@type\":\"WebPage\",\"@id\":\"https:\/\/www.fiarebancaetica.coop\/gl\/obancoquenoncabenunbanco\/\",\"url\":\"https:\/\/www.fiarebancaetica.coop\/gl\/obancoquenoncabenunbanco\/\",\"name\":\"Rompe e celebra - Fiare Banca Etica\",\"isPartOf\":{\"@id\":\"https:\/\/www.fiarebancaetica.coop\/gl\/#website\"},\"primaryImageOfPage\":{\"@id\":\"https:\/\/www.fiarebancaetica.coop\/gl\/obancoquenoncabenunbanco\/#primaryimage\"},\"image\":{\"@id\":\"https:\/\/www.fiarebancaetica.coop\/gl\/obancoquenoncabenunbanco\/#primaryimage\"},\"thumbnailUrl\":\"https:\/\/www.fiarebancaetica.coop\/app\/uploads\/sites\/2\/2025\/12\/El-banco-que-no-cabe-en-un-banco-1024x153.jpg\",\"datePublished\":\"2025-12-12T12:56:33+00:00\",\"dateModified\":\"2025-12-16T14:04:04+00:00\",\"breadcrumb\":{\"@id\":\"https:\/\/www.fiarebancaetica.coop\/gl\/obancoquenoncabenunbanco\/#breadcrumb\"},\"inLanguage\":\"gl-ES\",\"potentialAction\":[{\"@type\":\"ReadAction\",\"target\":[\"https:\/\/www.fiarebancaetica.coop\/gl\/obancoquenoncabenunbanco\/\"]}]},{\"@type\":\"ImageObject\",\"inLanguage\":\"gl-ES\",\"@id\":\"https:\/\/www.fiarebancaetica.coop\/gl\/obancoquenoncabenunbanco\/#primaryimage\",\"url\":\"https:\/\/www.fiarebancaetica.coop\/app\/uploads\/sites\/2\/2025\/12\/El-banco-que-no-cabe-en-un-banco-1024x153.jpg\",\"contentUrl\":\"https:\/\/www.fiarebancaetica.coop\/app\/uploads\/sites\/2\/2025\/12\/El-banco-que-no-cabe-en-un-banco-1024x153.jpg\"},{\"@type\":\"BreadcrumbList\",\"@id\":\"https:\/\/www.fiarebancaetica.coop\/gl\/obancoquenoncabenunbanco\/#breadcrumb\",\"itemListElement\":[{\"@type\":\"ListItem\",\"position\":1,\"name\":\"Home\",\"item\":\"https:\/\/www.fiarebancaetica.coop\/gl\/\"},{\"@type\":\"ListItem\",\"position\":2,\"name\":\"Rompe e celebra\"}]},{\"@type\":\"WebSite\",\"@id\":\"https:\/\/www.fiarebancaetica.coop\/gl\/#website\",\"url\":\"https:\/\/www.fiarebancaetica.coop\/gl\/\",\"name\":\"Fiare Banca Etica\",\"description\":\"\",\"potentialAction\":[{\"@type\":\"SearchAction\",\"target\":{\"@type\":\"EntryPoint\",\"urlTemplate\":\"https:\/\/www.fiarebancaetica.coop\/gl\/?s={search_term_string}\"},\"query-input\":{\"@type\":\"PropertyValueSpecification\",\"valueRequired\":true,\"valueName\":\"search_term_string\"}}],\"inLanguage\":\"gl-ES\"}]}<\/script>\n<!-- \/ Yoast SEO plugin. -->","yoast_head_json":{"title":"Rompe e celebra - Fiare Banca Etica","robots":{"index":"index","follow":"follow","max-snippet":"max-snippet:-1","max-image-preview":"max-image-preview:large","max-video-preview":"max-video-preview:-1"},"canonical":"https:\/\/www.fiarebancaetica.coop\/gl\/obancoquenoncabenunbanco\/","og_locale":"gl_ES","og_type":"article","og_title":"Rompe e celebra - Fiare Banca Etica","og_url":"https:\/\/www.fiarebancaetica.coop\/gl\/obancoquenoncabenunbanco\/","og_site_name":"Fiare Banca Etica","article_modified_time":"2025-12-16T14:04:04+00:00","og_image":[{"url":"https:\/\/www.fiarebancaetica.coop\/app\/uploads\/sites\/2\/2025\/12\/El-banco-que-no-cabe-en-un-banco-1024x153.jpg","type":"","width":"","height":""}],"twitter_card":"summary_large_image","schema":{"@context":"https:\/\/schema.org","@graph":[{"@type":"WebPage","@id":"https:\/\/www.fiarebancaetica.coop\/gl\/obancoquenoncabenunbanco\/","url":"https:\/\/www.fiarebancaetica.coop\/gl\/obancoquenoncabenunbanco\/","name":"Rompe e celebra - Fiare Banca Etica","isPartOf":{"@id":"https:\/\/www.fiarebancaetica.coop\/gl\/#website"},"primaryImageOfPage":{"@id":"https:\/\/www.fiarebancaetica.coop\/gl\/obancoquenoncabenunbanco\/#primaryimage"},"image":{"@id":"https:\/\/www.fiarebancaetica.coop\/gl\/obancoquenoncabenunbanco\/#primaryimage"},"thumbnailUrl":"https:\/\/www.fiarebancaetica.coop\/app\/uploads\/sites\/2\/2025\/12\/El-banco-que-no-cabe-en-un-banco-1024x153.jpg","datePublished":"2025-12-12T12:56:33+00:00","dateModified":"2025-12-16T14:04:04+00:00","breadcrumb":{"@id":"https:\/\/www.fiarebancaetica.coop\/gl\/obancoquenoncabenunbanco\/#breadcrumb"},"inLanguage":"gl-ES","potentialAction":[{"@type":"ReadAction","target":["https:\/\/www.fiarebancaetica.coop\/gl\/obancoquenoncabenunbanco\/"]}]},{"@type":"ImageObject","inLanguage":"gl-ES","@id":"https:\/\/www.fiarebancaetica.coop\/gl\/obancoquenoncabenunbanco\/#primaryimage","url":"https:\/\/www.fiarebancaetica.coop\/app\/uploads\/sites\/2\/2025\/12\/El-banco-que-no-cabe-en-un-banco-1024x153.jpg","contentUrl":"https:\/\/www.fiarebancaetica.coop\/app\/uploads\/sites\/2\/2025\/12\/El-banco-que-no-cabe-en-un-banco-1024x153.jpg"},{"@type":"BreadcrumbList","@id":"https:\/\/www.fiarebancaetica.coop\/gl\/obancoquenoncabenunbanco\/#breadcrumb","itemListElement":[{"@type":"ListItem","position":1,"name":"Home","item":"https:\/\/www.fiarebancaetica.coop\/gl\/"},{"@type":"ListItem","position":2,"name":"Rompe e celebra"}]},{"@type":"WebSite","@id":"https:\/\/www.fiarebancaetica.coop\/gl\/#website","url":"https:\/\/www.fiarebancaetica.coop\/gl\/","name":"Fiare Banca Etica","description":"","potentialAction":[{"@type":"SearchAction","target":{"@type":"EntryPoint","urlTemplate":"https:\/\/www.fiarebancaetica.coop\/gl\/?s={search_term_string}"},"query-input":{"@type":"PropertyValueSpecification","valueRequired":true,"valueName":"search_term_string"}}],"inLanguage":"gl-ES"}]}},"_links":{"self":[{"href":"https:\/\/www.fiarebancaetica.coop\/gl\/wp-json\/wp\/v2\/pages\/389684","targetHints":{"allow":["GET"]}}],"collection":[{"href":"https:\/\/www.fiarebancaetica.coop\/gl\/wp-json\/wp\/v2\/pages"}],"about":[{"href":"https:\/\/www.fiarebancaetica.coop\/gl\/wp-json\/wp\/v2\/types\/page"}],"author":[{"embeddable":true,"href":"https:\/\/www.fiarebancaetica.coop\/gl\/wp-json\/wp\/v2\/users\/1774"}],"replies":[{"embeddable":true,"href":"https:\/\/www.fiarebancaetica.coop\/gl\/wp-json\/wp\/v2\/comments?post=389684"}],"version-history":[{"count":7,"href":"https:\/\/www.fiarebancaetica.coop\/gl\/wp-json\/wp\/v2\/pages\/389684\/revisions"}],"predecessor-version":[{"id":389906,"href":"https:\/\/www.fiarebancaetica.coop\/gl\/wp-json\/wp\/v2\/pages\/389684\/revisions\/389906"}],"wp:attachment":[{"href":"https:\/\/www.fiarebancaetica.coop\/gl\/wp-json\/wp\/v2\/media?parent=389684"}],"wp:term":[{"taxonomy":"author","embeddable":true,"href":"https:\/\/www.fiarebancaetica.coop\/gl\/wp-json\/wp\/v2\/coauthors?post=389684"}],"curies":[{"name":"wp","href":"https:\/\/api.w.org\/{rel}","templated":true}]}}