{"id":391125,"date":"2026-03-05T11:31:14","date_gmt":"2026-03-05T10:31:14","guid":{"rendered":"https:\/\/www.fiarebancaetica.coop\/?page_id=391125"},"modified":"2026-03-25T12:06:20","modified_gmt":"2026-03-25T11:06:20","slug":"oferta-publica","status":"publish","type":"page","link":"https:\/\/www.fiarebancaetica.coop\/gl\/oferta-publica\/","title":{"rendered":""},"content":{"rendered":"\n<div class=\"wrapper-crispybacon-class wrapper-crispybacon-class-medium \">\n    \n\n<h1 class=\"wp-block-heading is-style-lyon\">Oferta P\u00fablica de subscrici\u00f3n e venda de acci\u00f3ns ordinarias de Banca Etica<\/h1>\n\n\n\n<p><\/p>\n\n\n\n<p><strong>Duraci\u00f3n de oferta: <\/strong>do 10 de agosto de 2025 ao 24 de marzo de 2026. <\/p>\n\n\n\n<p><\/p>\n\n\n\n<h2 class=\"wp-block-heading\"><strong>Suplemento ao folleto informativo relativo \u00e1 oferta p\u00fablica de subscrici\u00f3n e venda de acci\u00f3ns ordinarias de Banca Etica<\/strong>.<\/h2>\n\n\n\n<div class=\"crispybacon-block-70\">\n    <div class=\"crispybacon-block-70-container\">\n                        <div class=\"crispybacon-block-70-wrapper\">\n                    <div class=\"crispybacon-block-70-label\">\n                        <h3 class=\"crispybacon-block-70-title\"> Suplemento ao folleto informativo. <\/h3>\n                    <\/div>\n\n                                            <div class=\"crispybacon-block-70-link\">\n                            <a href=\"https:\/\/www.fiarebancaetica.coop\/app\/uploads\/sites\/2\/2026\/03\/OfertaPublicaAccionesBE_2025_SUPLEMENTO_al_FolletoInformativo_ESP_aprobado_19FEB2026-1-1.pdf\" target=\"_blank\" aria-label=\"Scarica Suplemento ao folleto informativo.\"><i class=\"icon-download\" aria-hidden=\"true\"><\/i><\/a>\n                        <\/div>\n                                    <\/div>\n                            <div class=\"crispybacon-block-70-wrapper\">\n                    <div class=\"crispybacon-block-70-label\">\n                        <h3 class=\"crispybacon-block-70-title\"> Nota de s\u00edntese tras o suplemento. <\/h3>\n                    <\/div>\n\n                                            <div class=\"crispybacon-block-70-link\">\n                            <a href=\"https:\/\/www.fiarebancaetica.coop\/app\/uploads\/sites\/2\/2026\/03\/OfertaPublicaAccionesBE_2025_NotaDeSintesis_PostSUPLEMENTO_ESP_aprobada_19FEB2026-1-1.pdf\" target=\"_blank\" aria-label=\"Scarica Nota de s\u00edntese tras o suplemento.\"><i class=\"icon-download\" aria-hidden=\"true\"><\/i><\/a>\n                        <\/div>\n                                    <\/div>\n                        <\/div>\n<\/div>\n\n\n<\/div>\n\n\n<div class=\"wrapper-crispybacon-class wrapper-crispybacon-class-medium \">\n    \n\n<hr class=\"wp-block-separator has-alpha-channel-opacity\"\/>\n\n\n\n<div style=\"height:40px\" aria-hidden=\"true\" class=\"wp-block-spacer\"><\/div>\n\n\n\n<h2 class=\"wp-block-heading\">Aviso: pr\u00f3xima publicaci\u00f3n dun suplemento ao prospecto informativo.<\/h2>\n\n\n\n<div class=\"crispybacon-block-70\">\n    <div class=\"crispybacon-block-70-container\">\n                        <div class=\"crispybacon-block-70-wrapper\">\n                    <div class=\"crispybacon-block-70-label\">\n                        <h3 class=\"crispybacon-block-70-title\"> Comunicado. <\/h3>\n                    <\/div>\n\n                                            <div class=\"crispybacon-block-70-link\">\n                            <a href=\"https:\/\/www.fiarebancaetica.coop\/app\/uploads\/sites\/2\/2026\/02\/260213_OffertaAzioniBE_2025-26_AVVISOprossimaPubblicazioneSUPPLEMENTO_ESP-1.pdf\" target=\"_blank\" aria-label=\"Scarica Comunicado.\"><i class=\"icon-download\" aria-hidden=\"true\"><\/i><\/a>\n                        <\/div>\n                                    <\/div>\n                        <\/div>\n<\/div>\n\n\n<\/div>\n\n\n<div class=\"wrapper-crispybacon-class wrapper-crispybacon-class-medium \">\n    \n\n<h2 class=\"wp-block-heading\"><strong>Folleto informativo, nota de s\u00edntese.<\/strong><\/h2>\n\n\n\n<div class=\"crispybacon-block-70\">\n    <div class=\"crispybacon-block-70-container\">\n                        <div class=\"crispybacon-block-70-wrapper\">\n                    <div class=\"crispybacon-block-70-label\">\n                        <h3 class=\"crispybacon-block-70-title\"> Folleto informativo. <\/h3>\n                    <\/div>\n\n                                            <div class=\"crispybacon-block-70-link\">\n                            <a href=\"https:\/\/www.fiarebancaetica.coop\/app\/uploads\/sites\/2\/2025\/08\/OfertaPublicaAccionesBE_2025_FolletoInformativo_ESP_aprobado_30JUL2025.pdf\" target=\"_blank\" aria-label=\"Scarica Folleto informativo.\"><i class=\"icon-download\" aria-hidden=\"true\"><\/i><\/a>\n                        <\/div>\n                                    <\/div>\n                            <div class=\"crispybacon-block-70-wrapper\">\n                    <div class=\"crispybacon-block-70-label\">\n                        <h3 class=\"crispybacon-block-70-title\"> Nota de s\u00edntese. <\/h3>\n                    <\/div>\n\n                                            <div class=\"crispybacon-block-70-link\">\n                            <a href=\"https:\/\/www.fiarebancaetica.coop\/app\/uploads\/sites\/2\/2025\/08\/OfertaPublicaAccionesBE_2025_NotaDeSintesis_ESP_aprobada_30JUL2025.pdf\" target=\"_blank\" aria-label=\"Scarica Nota de s\u00edntese.\"><i class=\"icon-download\" aria-hidden=\"true\"><\/i><\/a>\n                        <\/div>\n                                    <\/div>\n                        <\/div>\n<\/div>\n\n\n<\/div>\n\n\n<div class=\"wrapper-crispybacon-class wrapper-crispybacon-class-medium \">\n    \n\n<p><strong>Nota:<\/strong> A oferta p\u00fablica de acci\u00f3ns estendeuse tam\u00e9n a Espa\u00f1a. Publicamos a continuaci\u00f3n a versi\u00f3n en lingua espa\u00f1ola do folleto informativo redactado polo banco baixo a s\u00faa propia responsabilidade.<\/p>\n\n\n\n<div class=\"crispybacon-block-70\">\n    <div class=\"crispybacon-block-70-container\">\n                        <div class=\"crispybacon-block-70-wrapper\">\n                    <div class=\"crispybacon-block-70-label\">\n                        <h3 class=\"crispybacon-block-70-title\"> Folleto Informativo. <\/h3>\n                    <\/div>\n\n                                            <div class=\"crispybacon-block-70-link\">\n                            <a href=\"https:\/\/www.bancaetica.it\/app\/uploads\/2025\/08\/OfertaPublicaAccionesBE_2025_FolletoInformativo_ESP_aprobado_30JUL2025.pdf\" target=\"_blank\" aria-label=\"Scarica Folleto Informativo.\"><i class=\"icon-download\" aria-hidden=\"true\"><\/i><\/a>\n                        <\/div>\n                                    <\/div>\n                            <div class=\"crispybacon-block-70-wrapper\">\n                    <div class=\"crispybacon-block-70-label\">\n                        <h3 class=\"crispybacon-block-70-title\"> Nota de S\u00edntese. <\/h3>\n                    <\/div>\n\n                                            <div class=\"crispybacon-block-70-link\">\n                            <a href=\"https:\/\/www.bancaetica.it\/app\/uploads\/2025\/08\/OfertaPublicaAccionesBE_2025_NotaDeSintesis_ESP_aprobada_30JUL2025.pdf\" target=\"_blank\" aria-label=\"Scarica Nota de S\u00edntese.\"><i class=\"icon-download\" aria-hidden=\"true\"><\/i><\/a>\n                        <\/div>\n                                    <\/div>\n                        <\/div>\n<\/div>\n\n\n<\/div>\n\n\n<hr class=\"wp-block-separator has-alpha-channel-opacity\"\/>\n\n\n\n<div class=\"wrapper-crispybacon-class wrapper-crispybacon-class-medium \">\n    \n\n<h2 class=\"wp-block-heading has-text-align-center is-style-lyon\">Arquivo de ofertas precedentes<\/h2>\n\n\n\n<p><a href=\"https:\/\/www.fiarebancaetica.coop\/app\/uploads\/sites\/2\/2025\/04\/OffertaPubblicaAzioniBE_2023_FolletoInformativo_ESP_07AGO2023.pdf\" type=\"link\" id=\"https:\/\/www.fiarebancaetica.coop\/app\/uploads\/sites\/2\/2025\/04\/OffertaPubblicaAzioniBE_2023_FolletoInformativo_ESP_07AGO2023.pdf\"><strong>Oferta do 2024\/2025<\/strong> \u2013 do 10\/08\/2024 ao 24\/03\/2025<\/a><\/p>\n\n\n\n<p><a href=\"https:\/\/www.fiarebancaetica.coop\/app\/uploads\/sites\/2\/2025\/04\/OffertaPubblicaAzioniBE_2023_FolletoInformativo_ESP_07AGO2023-1.pdf\" type=\"link\" id=\"https:\/\/www.fiarebancaetica.coop\/app\/uploads\/sites\/2\/2025\/04\/OffertaPubblicaAzioniBE_2023_FolletoInformativo_ESP_07AGO2023-1.pdf\"><strong>Oferta do 2023\/2024<\/strong> \u2013 do 01\/08\/2023 ao 24\/03\/2024<\/a><\/p>\n\n\n\n<p><a href=\"https:\/\/www.fiarebancaetica.coop\/app\/uploads\/sites\/2\/2025\/04\/Folleto-Informativo-2022-Banca-Popolare-Etica.pdf\" type=\"link\" id=\"https:\/\/www.fiarebancaetica.coop\/app\/uploads\/sites\/2\/2025\/04\/Folleto-Informativo-2022-Banca-Popolare-Etica.pdf\"><strong>Oferta do 2022\/2023<\/strong> \u2013 do 01\/08\/2022 ao 27\/02\/2023<\/a><\/p>\n\n\n<\/div>\n\n\n<p><\/p>\n","protected":false},"excerpt":{"rendered":"","protected":false},"author":6692,"featured_media":0,"parent":0,"menu_order":0,"comment_status":"closed","ping_status":"closed","template":"","meta":{"_acf_changed":false,"footnotes":""},"coauthors":[10744],"class_list":["post-391125","page","type-page","status-publish","hentry"],"acf":[],"yoast_head":"<!-- This site is optimized with the Yoast SEO plugin v26.9 - https:\/\/yoast.com\/product\/yoast-seo-wordpress\/ -->\n<title>Oferta p\u00fablica  - Fiare Banca Etica<\/title>\n<meta name=\"description\" content=\"Consulta el folleto informativo, la nota de s\u00edntesis y los suplementos de la oferta p\u00fablica de suscripci\u00f3n y venta de acciones ordinarias de Fiare.\" \/>\n<meta name=\"robots\" content=\"index, follow, max-snippet:-1, max-image-preview:large, max-video-preview:-1\" \/>\n<link rel=\"canonical\" href=\"https:\/\/www.fiarebancaetica.coop\/gl\/oferta-publica\/\" \/>\n<meta property=\"og:locale\" content=\"gl_ES\" \/>\n<meta property=\"og:type\" content=\"article\" \/>\n<meta property=\"og:title\" content=\"Oferta p\u00fablica  - Fiare Banca Etica\" \/>\n<meta property=\"og:description\" content=\"Consulta el folleto informativo, la nota de s\u00edntesis y los suplementos de la oferta p\u00fablica de suscripci\u00f3n y venta de acciones ordinarias de Fiare.\" \/>\n<meta property=\"og:url\" content=\"https:\/\/www.fiarebancaetica.coop\/gl\/oferta-publica\/\" \/>\n<meta property=\"og:site_name\" content=\"Fiare Banca Etica\" \/>\n<meta property=\"article:modified_time\" content=\"2026-03-25T11:06:20+00:00\" \/>\n<meta name=\"twitter:card\" content=\"summary_large_image\" \/>\n<script type=\"application\/ld+json\" class=\"yoast-schema-graph\">{\"@context\":\"https:\/\/schema.org\",\"@graph\":[{\"@type\":\"WebPage\",\"@id\":\"https:\/\/www.fiarebancaetica.coop\/gl\/oferta-publica\/\",\"url\":\"https:\/\/www.fiarebancaetica.coop\/gl\/oferta-publica\/\",\"name\":\"Oferta p\u00fablica - Fiare Banca Etica\",\"isPartOf\":{\"@id\":\"https:\/\/www.fiarebancaetica.coop\/gl\/#website\"},\"datePublished\":\"2026-03-05T10:31:14+00:00\",\"dateModified\":\"2026-03-25T11:06:20+00:00\",\"description\":\"Consulta el folleto informativo, la nota de s\u00edntesis y los suplementos de la oferta p\u00fablica de suscripci\u00f3n y venta de acciones ordinarias de Fiare.\",\"inLanguage\":\"gl-ES\",\"potentialAction\":[{\"@type\":\"ReadAction\",\"target\":[\"https:\/\/www.fiarebancaetica.coop\/gl\/oferta-publica\/\"]}]},{\"@type\":\"WebSite\",\"@id\":\"https:\/\/www.fiarebancaetica.coop\/gl\/#website\",\"url\":\"https:\/\/www.fiarebancaetica.coop\/gl\/\",\"name\":\"Fiare Banca Etica\",\"description\":\"\",\"potentialAction\":[{\"@type\":\"SearchAction\",\"target\":{\"@type\":\"EntryPoint\",\"urlTemplate\":\"https:\/\/www.fiarebancaetica.coop\/gl\/?s={search_term_string}\"},\"query-input\":{\"@type\":\"PropertyValueSpecification\",\"valueRequired\":true,\"valueName\":\"search_term_string\"}}],\"inLanguage\":\"gl-ES\"}]}<\/script>\n<!-- \/ Yoast SEO plugin. -->","yoast_head_json":{"title":"Oferta p\u00fablica  - Fiare Banca Etica","description":"Consulta el folleto informativo, la nota de s\u00edntesis y los suplementos de la oferta p\u00fablica de suscripci\u00f3n y venta de acciones ordinarias de Fiare.","robots":{"index":"index","follow":"follow","max-snippet":"max-snippet:-1","max-image-preview":"max-image-preview:large","max-video-preview":"max-video-preview:-1"},"canonical":"https:\/\/www.fiarebancaetica.coop\/gl\/oferta-publica\/","og_locale":"gl_ES","og_type":"article","og_title":"Oferta p\u00fablica  - Fiare Banca Etica","og_description":"Consulta el folleto informativo, la nota de s\u00edntesis y los suplementos de la oferta p\u00fablica de suscripci\u00f3n y venta de acciones ordinarias de Fiare.","og_url":"https:\/\/www.fiarebancaetica.coop\/gl\/oferta-publica\/","og_site_name":"Fiare Banca Etica","article_modified_time":"2026-03-25T11:06:20+00:00","twitter_card":"summary_large_image","schema":{"@context":"https:\/\/schema.org","@graph":[{"@type":"WebPage","@id":"https:\/\/www.fiarebancaetica.coop\/gl\/oferta-publica\/","url":"https:\/\/www.fiarebancaetica.coop\/gl\/oferta-publica\/","name":"Oferta p\u00fablica - Fiare Banca Etica","isPartOf":{"@id":"https:\/\/www.fiarebancaetica.coop\/gl\/#website"},"datePublished":"2026-03-05T10:31:14+00:00","dateModified":"2026-03-25T11:06:20+00:00","description":"Consulta el folleto informativo, la nota de s\u00edntesis y los suplementos de la oferta p\u00fablica de suscripci\u00f3n y venta de acciones ordinarias de Fiare.","inLanguage":"gl-ES","potentialAction":[{"@type":"ReadAction","target":["https:\/\/www.fiarebancaetica.coop\/gl\/oferta-publica\/"]}]},{"@type":"WebSite","@id":"https:\/\/www.fiarebancaetica.coop\/gl\/#website","url":"https:\/\/www.fiarebancaetica.coop\/gl\/","name":"Fiare Banca Etica","description":"","potentialAction":[{"@type":"SearchAction","target":{"@type":"EntryPoint","urlTemplate":"https:\/\/www.fiarebancaetica.coop\/gl\/?s={search_term_string}"},"query-input":{"@type":"PropertyValueSpecification","valueRequired":true,"valueName":"search_term_string"}}],"inLanguage":"gl-ES"}]}},"_links":{"self":[{"href":"https:\/\/www.fiarebancaetica.coop\/gl\/wp-json\/wp\/v2\/pages\/391125","targetHints":{"allow":["GET"]}}],"collection":[{"href":"https:\/\/www.fiarebancaetica.coop\/gl\/wp-json\/wp\/v2\/pages"}],"about":[{"href":"https:\/\/www.fiarebancaetica.coop\/gl\/wp-json\/wp\/v2\/types\/page"}],"author":[{"embeddable":true,"href":"https:\/\/www.fiarebancaetica.coop\/gl\/wp-json\/wp\/v2\/users\/6692"}],"replies":[{"embeddable":true,"href":"https:\/\/www.fiarebancaetica.coop\/gl\/wp-json\/wp\/v2\/comments?post=391125"}],"version-history":[{"count":1,"href":"https:\/\/www.fiarebancaetica.coop\/gl\/wp-json\/wp\/v2\/pages\/391125\/revisions"}],"predecessor-version":[{"id":391129,"href":"https:\/\/www.fiarebancaetica.coop\/gl\/wp-json\/wp\/v2\/pages\/391125\/revisions\/391129"}],"wp:attachment":[{"href":"https:\/\/www.fiarebancaetica.coop\/gl\/wp-json\/wp\/v2\/media?parent=391125"}],"wp:term":[{"taxonomy":"author","embeddable":true,"href":"https:\/\/www.fiarebancaetica.coop\/gl\/wp-json\/wp\/v2\/coauthors?post=391125"}],"curies":[{"name":"wp","href":"https:\/\/api.w.org\/{rel}","templated":true}]}}