{"id":391769,"date":"2026-03-25T11:07:39","date_gmt":"2026-03-25T10:07:39","guid":{"rendered":"https:\/\/www.fiarebancaetica.coop\/oferta-publica-acciones-26\/"},"modified":"2026-03-25T12:16:02","modified_gmt":"2026-03-25T11:16:02","slug":"oferta-publica-acciones-26","status":"publish","type":"page","link":"https:\/\/www.fiarebancaetica.coop\/gl\/oferta-publica-acciones-26\/","title":{"rendered":""},"content":{"rendered":"\n<div class=\"wrapper-crispybacon-class wrapper-crispybacon-class-medium \">\n    \n\n<h1 class=\"wp-block-heading is-style-lyon\">Oferta P\u00fablica de subscrici\u00f3n e venda de acci\u00f3ns ordinarias de Banca Etica<\/h1>\n\n\n\n<p><strong>Neste momento non hai aberta ningunha oferta p\u00fablica de acci\u00f3ns.<\/strong><\/p>\n\n\n\n<p><\/p>\n\n\n\n<p><\/p>\n\n\n\n<h2 class=\"wp-block-heading\"><\/h2>\n\n\n<\/div>\n\n\n<hr class=\"wp-block-separator has-alpha-channel-opacity\"\/>\n\n\n\n<div class=\"wrapper-crispybacon-class wrapper-crispybacon-class-medium \">\n    \n\n<h2 class=\"wp-block-heading has-text-align-center is-style-lyon\">Arquivo de ofertas precedentes<\/h2>\n\n\n\n<p><a href=\"https:\/\/www.fiarebancaetica.coop\/gl\/oferta-publica\/\"><strong>Oferta do 2025\/202<\/strong>6\u2013 do 10\/08\/2025 ao 24\/03\/2026<\/a><\/p>\n\n\n\n<p><a href=\"https:\/\/www.fiarebancaetica.coop\/app\/uploads\/sites\/2\/2025\/04\/OffertaPubblicaAzioniBE_2023_FolletoInformativo_ESP_07AGO2023.pdf\" type=\"link\" id=\"https:\/\/www.fiarebancaetica.coop\/app\/uploads\/sites\/2\/2025\/04\/OffertaPubblicaAzioniBE_2023_FolletoInformativo_ESP_07AGO2023.pdf\"><strong>Oferta do 2024\/2025<\/strong> \u2013 do 10\/08\/2024 ao 24\/03\/2025<\/a><\/p>\n\n\n\n<p><a href=\"https:\/\/www.fiarebancaetica.coop\/app\/uploads\/sites\/2\/2025\/04\/OffertaPubblicaAzioniBE_2023_FolletoInformativo_ESP_07AGO2023-1.pdf\" type=\"link\" id=\"https:\/\/www.fiarebancaetica.coop\/app\/uploads\/sites\/2\/2025\/04\/OffertaPubblicaAzioniBE_2023_FolletoInformativo_ESP_07AGO2023-1.pdf\"><strong>Oferta do 2023\/2024<\/strong> \u2013 do 01\/08\/2023 ao 24\/03\/2024<\/a><\/p>\n\n\n\n<p><a href=\"https:\/\/www.fiarebancaetica.coop\/app\/uploads\/sites\/2\/2025\/04\/Folleto-Informativo-2022-Banca-Popolare-Etica.pdf\" type=\"link\" id=\"https:\/\/www.fiarebancaetica.coop\/app\/uploads\/sites\/2\/2025\/04\/Folleto-Informativo-2022-Banca-Popolare-Etica.pdf\"><strong>Oferta do 2022\/2023<\/strong> \u2013 do 01\/08\/2022 ao 27\/02\/2023<\/a><\/p>\n\n\n<\/div>\n\n\n<p><\/p>\n","protected":false},"excerpt":{"rendered":"","protected":false},"author":6692,"featured_media":0,"parent":0,"menu_order":0,"comment_status":"closed","ping_status":"closed","template":"","meta":{"_acf_changed":false,"footnotes":""},"coauthors":[10744],"class_list":["post-391769","page","type-page","status-publish","hentry"],"acf":[],"yoast_head":"<!-- This site is optimized with the Yoast SEO plugin v26.9 - https:\/\/yoast.com\/product\/yoast-seo-wordpress\/ -->\n<title>- Fiare Banca Etica<\/title>\n<meta name=\"robots\" content=\"index, follow, max-snippet:-1, max-image-preview:large, max-video-preview:-1\" \/>\n<link rel=\"canonical\" href=\"https:\/\/www.fiarebancaetica.coop\/gl\/oferta-publica-acciones-26\/\" \/>\n<meta property=\"og:locale\" content=\"gl_ES\" \/>\n<meta property=\"og:type\" content=\"article\" \/>\n<meta property=\"og:title\" content=\"- Fiare Banca Etica\" \/>\n<meta property=\"og:url\" content=\"https:\/\/www.fiarebancaetica.coop\/gl\/oferta-publica-acciones-26\/\" \/>\n<meta property=\"og:site_name\" content=\"Fiare Banca Etica\" \/>\n<meta property=\"article:modified_time\" content=\"2026-03-25T11:16:02+00:00\" \/>\n<meta name=\"twitter:card\" content=\"summary_large_image\" \/>\n<script type=\"application\/ld+json\" class=\"yoast-schema-graph\">{\"@context\":\"https:\/\/schema.org\",\"@graph\":[{\"@type\":\"WebPage\",\"@id\":\"https:\/\/www.fiarebancaetica.coop\/gl\/oferta-publica-acciones-26\/\",\"url\":\"https:\/\/www.fiarebancaetica.coop\/gl\/oferta-publica-acciones-26\/\",\"name\":\"- Fiare Banca Etica\",\"isPartOf\":{\"@id\":\"https:\/\/www.fiarebancaetica.coop\/gl\/#website\"},\"datePublished\":\"2026-03-25T10:07:39+00:00\",\"dateModified\":\"2026-03-25T11:16:02+00:00\",\"inLanguage\":\"gl-ES\",\"potentialAction\":[{\"@type\":\"ReadAction\",\"target\":[\"https:\/\/www.fiarebancaetica.coop\/gl\/oferta-publica-acciones-26\/\"]}]},{\"@type\":\"WebSite\",\"@id\":\"https:\/\/www.fiarebancaetica.coop\/gl\/#website\",\"url\":\"https:\/\/www.fiarebancaetica.coop\/gl\/\",\"name\":\"Fiare Banca Etica\",\"description\":\"\",\"potentialAction\":[{\"@type\":\"SearchAction\",\"target\":{\"@type\":\"EntryPoint\",\"urlTemplate\":\"https:\/\/www.fiarebancaetica.coop\/gl\/?s={search_term_string}\"},\"query-input\":{\"@type\":\"PropertyValueSpecification\",\"valueRequired\":true,\"valueName\":\"search_term_string\"}}],\"inLanguage\":\"gl-ES\"}]}<\/script>\n<!-- \/ Yoast SEO plugin. -->","yoast_head_json":{"title":"- Fiare Banca Etica","robots":{"index":"index","follow":"follow","max-snippet":"max-snippet:-1","max-image-preview":"max-image-preview:large","max-video-preview":"max-video-preview:-1"},"canonical":"https:\/\/www.fiarebancaetica.coop\/gl\/oferta-publica-acciones-26\/","og_locale":"gl_ES","og_type":"article","og_title":"- Fiare Banca Etica","og_url":"https:\/\/www.fiarebancaetica.coop\/gl\/oferta-publica-acciones-26\/","og_site_name":"Fiare Banca Etica","article_modified_time":"2026-03-25T11:16:02+00:00","twitter_card":"summary_large_image","schema":{"@context":"https:\/\/schema.org","@graph":[{"@type":"WebPage","@id":"https:\/\/www.fiarebancaetica.coop\/gl\/oferta-publica-acciones-26\/","url":"https:\/\/www.fiarebancaetica.coop\/gl\/oferta-publica-acciones-26\/","name":"- Fiare Banca Etica","isPartOf":{"@id":"https:\/\/www.fiarebancaetica.coop\/gl\/#website"},"datePublished":"2026-03-25T10:07:39+00:00","dateModified":"2026-03-25T11:16:02+00:00","inLanguage":"gl-ES","potentialAction":[{"@type":"ReadAction","target":["https:\/\/www.fiarebancaetica.coop\/gl\/oferta-publica-acciones-26\/"]}]},{"@type":"WebSite","@id":"https:\/\/www.fiarebancaetica.coop\/gl\/#website","url":"https:\/\/www.fiarebancaetica.coop\/gl\/","name":"Fiare Banca Etica","description":"","potentialAction":[{"@type":"SearchAction","target":{"@type":"EntryPoint","urlTemplate":"https:\/\/www.fiarebancaetica.coop\/gl\/?s={search_term_string}"},"query-input":{"@type":"PropertyValueSpecification","valueRequired":true,"valueName":"search_term_string"}}],"inLanguage":"gl-ES"}]}},"_links":{"self":[{"href":"https:\/\/www.fiarebancaetica.coop\/gl\/wp-json\/wp\/v2\/pages\/391769","targetHints":{"allow":["GET"]}}],"collection":[{"href":"https:\/\/www.fiarebancaetica.coop\/gl\/wp-json\/wp\/v2\/pages"}],"about":[{"href":"https:\/\/www.fiarebancaetica.coop\/gl\/wp-json\/wp\/v2\/types\/page"}],"author":[{"embeddable":true,"href":"https:\/\/www.fiarebancaetica.coop\/gl\/wp-json\/wp\/v2\/users\/6692"}],"replies":[{"embeddable":true,"href":"https:\/\/www.fiarebancaetica.coop\/gl\/wp-json\/wp\/v2\/comments?post=391769"}],"version-history":[{"count":4,"href":"https:\/\/www.fiarebancaetica.coop\/gl\/wp-json\/wp\/v2\/pages\/391769\/revisions"}],"predecessor-version":[{"id":391792,"href":"https:\/\/www.fiarebancaetica.coop\/gl\/wp-json\/wp\/v2\/pages\/391769\/revisions\/391792"}],"wp:attachment":[{"href":"https:\/\/www.fiarebancaetica.coop\/gl\/wp-json\/wp\/v2\/media?parent=391769"}],"wp:term":[{"taxonomy":"author","embeddable":true,"href":"https:\/\/www.fiarebancaetica.coop\/gl\/wp-json\/wp\/v2\/coauthors?post=391769"}],"curies":[{"name":"wp","href":"https:\/\/api.w.org\/{rel}","templated":true}]}}